{"id":364,"date":"2024-03-12T08:36:27","date_gmt":"2024-03-12T08:36:27","guid":{"rendered":"https:\/\/prtravelretail.com\/politika-zasebnosti\/"},"modified":"2025-06-18T08:57:02","modified_gmt":"2025-06-18T08:57:02","slug":"politika-zasebnosti","status":"publish","type":"page","link":"https:\/\/prtravelretail.com\/sl\/politika-zasebnosti\/","title":{"rendered":"Politika zasebnosti"},"content":{"rendered":"<p>[et_pb_section fb_built=&#8221;1&#8243; _builder_version=&#8221;4.16&#8243; global_colors_info=&#8221;{}&#8221;][et_pb_row _builder_version=&#8221;4.16&#8243; background_size=&#8221;initial&#8221; background_position=&#8221;top_left&#8221; background_repeat=&#8221;repeat&#8221; global_colors_info=&#8221;{}&#8221;][et_pb_column type=&#8221;4_4&#8243; _builder_version=&#8221;4.16&#8243; custom_padding=&#8221;|||&#8221; global_colors_info=&#8221;{}&#8221; custom_padding__hover=&#8221;|||&#8221;][et_pb_text _builder_version=&#8221;4.27.4&#8243; background_size=&#8221;initial&#8221; background_position=&#8221;top_left&#8221; background_repeat=&#8221;repeat&#8221; global_colors_info=&#8221;{}&#8221;]<\/p>\n<h1>Politika zasebnosti<\/h1>\n<p>Datum za\u010detka veljavnosti: 18. 6. 2025<\/p>\n<p>Zadnja posodobitev: 18. 6. 2025<\/p>\n<p>\n  Ta politika zasebnosti pojasnjuje pravila podjetja PR TRAVEL RETAIL d.o.o. glede zbiranja in uporabe informacij, ki jih zbiramo, ko dostopate do https:\/\/prtravelretail.com (\u00bbstoritev\u00ab). Ta politika zasebnosti opisuje va\u0161e pravice glede zasebnosti in kako ste za\u0161\u010diteni v skladu z zakoni o zasebnosti.<\/p>\n<p>\n  Z uporabo na\u0161e storitve sogla\u0161ate z zbiranjem in uporabo va\u0161ih informacij v skladu s to politiko zasebnosti. \u010ce ne sogla\u0161ate z zbiranjem in uporabo va\u0161ih informacij, kot je opisano v tej politiki zasebnosti, prosimo, da ne dostopate do na\u0161e storitve ali je ne uporabljate. Ta politika zasebnosti je bila ustvarjena s pomo\u010djo <a target=\"_blank\" href=\"https:\/\/cookie-script.com\/privacy-policy-generator\">Generatorja politike zasebnosti CookieScript<\/a>.<\/p>\n<p>Podjetje PR TRAVEL RETAIL d.o.o. si pridr\u017euje pravico, da kadarkoli spremeni to politiko zasebnosti. To se lahko zgodi brez predhodnega obvestila.<\/p>\n<p>\n  PR TRAVEL RETAIL d.o.o. bo objavil spremenjeno politiko zasebnosti na spletni strani https:\/\/prtravelretail.com<\/p>\n<h3>Zbiranje in uporaba va\u0161ih osebnih podatkov<\/h3>\n<h4>Podatki, ki jih zbiramo<\/h4>\n<p>\n  Pri uporabi na\u0161e storitve boste pozvani, da nam posredujete osebne podatke, ki jih uporabljamo za stik z vami ali za va\u0161o identifikacijo. Spletna stran https:\/\/prtravelretail.com zbira naslednje informacije:\n<\/p>\n<ul>\n<li>Podatki o uporabi<\/li>\n<\/ul>\n<p>Podatki o uporabi vklju\u010dujejo naslednje:<\/p>\n<ul>\n<li>IP naslov ra\u010dunalnikov, ki dostopajo do spletnega mesta<\/li>\n<li>Zahteve za spletne strani<\/li>\n<li>Referen\u010dne spletne strani<\/li>\n<li>Brskalnik, uporabljen za dostop do spletnega mesta<\/li>\n<li>\u010cas in datum dostopa<\/li>\n<\/ul>\n<h4>Kako zbiramo informacije<\/h4>\n<p>\n  Spletna stran https:\/\/prtravelretail.com zbira in prejema informacije na naslednji na\u010din:\n<\/p>\n<ul>\n<li>Ko uporabljate na\u0161o storitev.<\/li>\n<\/ul>\n<p>\n  Va\u0161e informacije bodo shranjene do 90 dni po tem, ko jih ne bomo ve\u010d potrebovali za zagotavljanje storitev. Va\u0161e informacije se lahko hranijo dalj\u0161a obdobja za poro\u010danje ali vodenje evidenc v skladu z veljavnimi zakoni. Informacije, ki vas osebno ne identificirajo, se lahko hranijo za nedolo\u010den \u010das.\n<\/p>\n<h4>Kako uporabljamo va\u0161e informacije<\/h4>\n<p>\n  Spletna stran https:\/\/prtravelretail.com lahko uporablja va\u0161e informacije za naslednje namene:\n<\/p>\n<ul>\n<li><b>Zagotavljanje in vzdr\u017eevanje na\u0161e storitve<\/b> ter spremljanje uporabe na\u0161e storitve.<\/li>\n<\/ul>\n<h4>Kako delimo va\u0161e informacije<\/h4>\n<p>\n  Podjetje PR TRAVEL RETAIL d.o.o. bo delilo va\u0161e informacije, kadar je to primerno, v naslednjih primerih:\n<\/p>\n<ul>\n<li><b>Z va\u0161im soglasjem.<\/b> Podjetje PR TRAVEL RETAIL d.o.o. bo delilo va\u0161e informacije za kakr\u0161enkoli namen z va\u0161im izrecnim soglasjem.<\/li>\n<\/ul>\n<h4>Deljenje s tretjimi osebami<\/h4>\n<p>Va\u0161e informacije se lahko razkrijejo tudi iz naslednjih razlogov:<\/p>\n<ul>\n<li>Spo\u0161tovanje veljavnih zakonov, predpisov ali sodnih odlo\u010db.<\/li>\n<li>Odzivanje na trditve, da va\u0161a uporaba na\u0161e storitve kr\u0161i pravice tretjih oseb.<\/li>\n<li>Uveljavljanje sporazumov, ki jih sklenete z nami, vklju\u010dno s to politiko zasebnosti.<\/li>\n<\/ul>\n<h4>Pi\u0161kotki<\/h4>\n<p>\n  Pi\u0161kotki so majhne tekstovne datoteke, ki jih spletne strani, ki jih obiskujete, shranijo na va\u0161 ra\u010dunalnik. Pi\u0161kotki uporabnikom pomagajo u\u010dinkovito krmariti po spletnem mestu in opravljati dolo\u010dene funkcije. Pi\u0161kotki, ki so potrebni za pravilno delovanje spletnega mesta, se lahko nastavijo brez va\u0161ega dovoljenja. Vsi drugi pi\u0161kotki potrebujejo va\u0161o odobritev, preden se nastavijo v brskalniku.\n<\/p>\n<ul>\n<li><b>Nujno potrebni pi\u0161kotki.<\/b> Ti pi\u0161kotki omogo\u010dajo osnovno funkcionalnost spletnega mesta, kot sta prijava uporabnika in upravljanje ra\u010duna. Brez teh pi\u0161kotkov spletno mesto ne deluje pravilno.<\/li>\n<li><b>Izvedbeni pi\u0161kotki.<\/b> Uporabljajo se za spremljanje, kako obiskovalci uporabljajo spletno stran, npr. analiti\u010dni pi\u0161kotki. Ti pi\u0161kotki ne omogo\u010dajo neposredne identifikacije posameznega obiskovalca.<\/li>\n<li><b>Funkcionalni pi\u0161kotki.<\/b> Uporabljajo se za pomnjenje informacij obiskovalcev na spletnem mestu, npr. jezik, \u010dasovni pas, izbolj\u0161ane vsebine.<\/li>\n<\/ul>\n<div class=\"cookie-report-container\">\n<p data-cookiereport=\"true\">\n    Spodaj lahko spremenite svoje soglasje za uporabo pi\u0161kotkov.\n  <\/p>\n<p>  <script\n    type=\"text\/javascript\"\n    charset=\"UTF-8\"\n    data-cookiescriptreport=\"report\"\n    data-cs-lang=\"en\"\n    src=\"\/\/report.cookie-script.com\/r\/dbd201dc26871a8f0cb0a01ba1fe6171.js\"\n  >\n  <\/script>\n<\/div>\n<h4>Varnost<\/h4>\n<p>\n  Varnost va\u0161ih informacij nam je pomembna. Spletna stran https:\/\/prtravelretail.com uporablja vrsto varnostnih ukrepov za prepre\u010devanje zlorabe, izgube ali spreminjanja informacij, ki ste nam jih posredovali. Ker pa ne moremo jam\u010diti za popolno varnost podatkov, ki jih posredujete, storitev uporabljate na lastno odgovornost.\n<\/p>\n<p>\n  Podjetje PR TRAVEL RETAIL d.o.o. ne odgovarja za delovanje spletnih mest, ki jih upravljajo tretje osebe, ali za va\u0161o interakcijo z njimi. Ko zapustite to spletno mesto, priporo\u010damo, da pregledate prakse zasebnosti drugih spletnih mest, s katerimi komunicirate, in ocenite njihovo ustreznost.\n<\/p>\n<h4>Kontakt<\/h4>\n<p>Za vsa vpra\u0161anja nas kontaktirajte prek naslednjih na\u010dinov:<\/p>\n<p>Ime: PR TRAVEL RETAIL d.o.o.<\/p>\n<p>Naslov: Verdijeva ulica 1 &#8211; 6000 Koper<\/p>\n<p>E-po\u0161ta: info@prtravelretail.com<\/p>\n<p>Spletna stran: https:\/\/prtravelretail.com<\/p>\n<p>\n  Za kakr\u0161nakoli vpra\u0161anja ali skrbi glede obdelave va\u0161ih informacij se obrnite na na\u0161ega poobla\u0161\u010denca za varstvo podatkov, Roberto Passoni, info@prtravelretail.com.\n<\/p>\n<p>[\/et_pb_text][\/et_pb_column][\/et_pb_row][\/et_pb_section]<\/p>\n","protected":false},"excerpt":{"rendered":"<p>Politika zasebnosti Datum za\u010detka veljavnosti: 18. 6. 2025 Zadnja posodobitev: 18. 6. 2025 Ta politika zasebnosti pojasnjuje pravila podjetja PR TRAVEL RETAIL d.o.o. glede zbiranja in uporabe informacij, ki jih zbiramo, ko dostopate do https:\/\/prtravelretail.com (\u00bbstoritev\u00ab). Ta politika zasebnosti opisuje va\u0161e pravice glede zasebnosti in kako ste za\u0161\u010diteni v skladu z zakoni o zasebnosti. Z [&hellip;]<\/p>\n","protected":false},"author":1,"featured_media":0,"parent":0,"menu_order":0,"comment_status":"closed","ping_status":"closed","template":"","meta":{"_et_pb_use_builder":"on","_et_pb_old_content":"","_et_gb_content_width":"","footnotes":""},"class_list":["post-364","page","type-page","status-publish","hentry"],"_links":{"self":[{"href":"https:\/\/prtravelretail.com\/sl\/wp-json\/wp\/v2\/pages\/364","targetHints":{"allow":["GET"]}}],"collection":[{"href":"https:\/\/prtravelretail.com\/sl\/wp-json\/wp\/v2\/pages"}],"about":[{"href":"https:\/\/prtravelretail.com\/sl\/wp-json\/wp\/v2\/types\/page"}],"author":[{"embeddable":true,"href":"https:\/\/prtravelretail.com\/sl\/wp-json\/wp\/v2\/users\/1"}],"replies":[{"embeddable":true,"href":"https:\/\/prtravelretail.com\/sl\/wp-json\/wp\/v2\/comments?post=364"}],"version-history":[{"count":5,"href":"https:\/\/prtravelretail.com\/sl\/wp-json\/wp\/v2\/pages\/364\/revisions"}],"predecessor-version":[{"id":373,"href":"https:\/\/prtravelretail.com\/sl\/wp-json\/wp\/v2\/pages\/364\/revisions\/373"}],"wp:attachment":[{"href":"https:\/\/prtravelretail.com\/sl\/wp-json\/wp\/v2\/media?parent=364"}],"curies":[{"name":"wp","href":"https:\/\/api.w.org\/{rel}","templated":true}]}}